{"id":178,"date":"2026-02-22T09:37:40","date_gmt":"2026-02-22T09:37:40","guid":{"rendered":"https:\/\/shtepiaemiqve-pogradec.com\/?page_id=178"},"modified":"2026-04-04T15:44:19","modified_gmt":"2026-04-04T15:44:19","slug":"kontakt","status":"publish","type":"page","link":"https:\/\/shtepiaemiqve-pogradec.com\/en\/kontakt\/","title":{"rendered":"Kontakt"},"content":{"rendered":"<div data-elementor-type=\"wp-page\" data-elementor-id=\"178\" class=\"elementor elementor-178\" data-elementor-post-type=\"page\">\n\t\t\t\t\t\t<div class=\"elementor-element elementor-element-524b4fa e-con e-atomic-element e-flexbox-base e-524b4fa-bc2bcf7\" data-id=\"524b4fa\" data-element_type=\"e-flexbox\" data-e-type=\"e-flexbox\" data-interaction-id=\"524b4fa\">\n\t\t\t\t\t\t\t<h1 \n\t\tdata-interaction-id=\"1a83ba0\" \n\t\tclass=\"e-1a83ba0-59de7fc e-heading-base\" \n\t\t \n\t\t\n\t>\n\t\n\t\t\tContact us\n\t\t<\/h1>\n\t\t<form class=\"e-con e-atomic-element e-form-base form-state-default e-3068b0a-77e30ee\"\n      data-id=\"3068b0a\"\n      data-element_type=\"e-form\"\n      data-e-type=\"e-form\"\n      data-interaction-id=\"3068b0a\"\n      data-interactions=\"null\"\n      x-data=\"eForm3068b0a\"\n      x-on:submit=\"submit\"      aria-label=\"Contact&#x20;form\"\n      data-form-name=\"Contact&#x20;form\" action=\"\"\n      >\n    \t\t\t<label \n\t\n\tclass=\"e-98a9662-4b6723f e-form-label-base\"\n\tfor=\"e-form-name-surname\tdata-interaction-id=\"98a9662\"\t\t\">Em\u00ebr Mbiem\u00ebr<\/label>\n\t\t\t\t\t<input \n\tid=\"e-form-name-surname\tname=e-form-name-surname\tclass=\"e-form-input-base\"\ttype=\"text\"\tdata-interaction-id=\"9098595\"\t\"\tplaceholder=\"John&#x20;Doe\trequired\t\/\">\n\t\t\t\t\t<label \n\t\n\tclass=\"form_label e-form-label-base\"\n\tfor=\"e-form-email\tdata-interaction-id=\"b76a1cf\"\t\t\">Email<\/label>\n\t\t\t\t\t<input \n\tid=\"e-form-email\tname=e-form-email\tclass=\"e-form-input-base\"\ttype=\"email\"\tdata-interaction-id=\"3b0f2bf\"\t\"\tplaceholder=\"your&#x40;mail.com\trequired\t\/\">\n\t\t\t\t\t<label \n\t\n\tclass=\"form_label e-form-label-base\"\n\tfor=\"e-form-message\tdata-interaction-id=\"5a7b405\"\t\t\">Message<\/label>\n\t\t\t\t\t<textarea\t\n\tid=\"e-form-message\tname=e-form-message\tclass=\"e-form-textarea-base\"\tdata-interaction-id=\"8df6150\"\t\t\tplaceholder=\"Your&#x20;message\trequired\t\trows=4\t\t\tdata-resizable\"\"><\/textarea>\n\t\t\t\t\t<button \n\t\n\tclass=\"e-378c09f-63016e8 e-form-submit-button-base\"\n\ttype=\"submit\"\n\tdata-interaction-id=\"378c09f\"\n\t\n\t\n>D\u00ebrgo<\/button>\n\t\t<div class=\"e-con e-atomic-element e-form-success-message-base message-success\"\n     data-id=\"52be6db\"\n     data-element_type=\"e-form-success-message\"\n     data-e-type=\"e-form-success-message\"\n     data-interaction-id=\"52be6db\"\n     >\n    \t\t\t\t\t\t<p class=\"e-paragraph-base\" data-interaction-id=\"18b15df\"  >\n\t\t\t\t\t\t\t\tGreat! We\u2019ve received your information.\n\t\t\t\t\t<\/p>\n\t\t\n<\/div>\n<div class=\"e-con e-atomic-element e-form-error-message-base message-error\"\n     data-id=\"3b385ab\"\n     data-element_type=\"e-form-error-message\"\n     data-e-type=\"e-form-error-message\"\n     data-interaction-id=\"3b385ab\"\n     >\n    \t\t\t\t\t\t<p class=\"e-paragraph-base\" data-interaction-id=\"e184299\"  >\n\t\t\t\t\t\t\t\tWe couldn\u2019t process your submission. Please retry\n\t\t\t\t\t<\/p>\n\t\t\n<\/div>\n\n<input type=\"hidden\" name=\"trp-form-language\" value=\"en\"\/><\/form>\n\t\t<div class=\"elementor-element elementor-element-579568f e-con e-atomic-element e-flexbox-base e-579568f-7a2fe10\" data-id=\"579568f\" data-element_type=\"e-flexbox\" data-e-type=\"e-flexbox\" data-interaction-id=\"579568f\">\n\t\t\t\t<div class=\"elementor-element elementor-element-fe2153f e-con e-atomic-element e-flexbox-base e-fe2153f-3776b62\" data-id=\"fe2153f\" data-element_type=\"e-flexbox\" data-e-type=\"e-flexbox\" data-interaction-id=\"fe2153f\">\n\t\t\t\t\t\t\t<h2 \n\t\tdata-interaction-id=\"0140288\" \n\t\tclass=\"contact_heading e-heading-base\" \n\t\t \n\t\t\n\t>\n\t\n\t\t\tBookings\n\t\t<\/h2>\n\t\t\t\t\t\t\t\t<p class=\"contact_email e-paragraph-base\" data-interaction-id=\"161c3c9\"  >\n\t\t\t\t\t\t\t<a\n\t\t\t\t\t\t\t\t\t\thref=\"mailto:bookings@shtepiaemiqve-pogradec.com\"\n\t\t\t\t\ttarget=\"_self\"\n\t\t\t\t\tclass=\"e-paragraph-link-base\"\n\t\t\t\t>\n\t\t\t\t\t\tbookings@shtepiaemiqve-pogradec.com\n\t\t\t\t<\/a>\n\t\t\t\t\t<\/p>\n\t\t\t\t\t\t\t\t<p class=\"contact_phone e-paragraph-base\" data-interaction-id=\"8c3355b\"  >\n\t\t\t\t\t\t\t\t+3556XXXXXXXX\n\t\t\t\t\t<\/p>\n\t\t\t\t<\/div>\n\t\t\t\t<div class=\"elementor-element elementor-element-233b04a e-con e-atomic-element e-flexbox-base e-233b04a-bc52ed1\" data-id=\"233b04a\" data-element_type=\"e-flexbox\" data-e-type=\"e-flexbox\" data-interaction-id=\"233b04a\">\n\t\t\t\t\t\t\t<h2 \n\t\tdata-interaction-id=\"9d8a247\" \n\t\tclass=\"contact_heading e-heading-base\" \n\t\t \n\t\t\n\t>\n\t\n\t\t\tOrders\n\t\t<\/h2>\n\t\t\t\t\t\t\t\t<p class=\"contact_email e-paragraph-base\" data-interaction-id=\"9e4e7aa\"  >\n\t\t\t\t\t\t\t<a\n\t\t\t\t\t\t\t\t\t\thref=\"mailto:orders@shtepiaemiqve-pogradec.com\"\n\t\t\t\t\ttarget=\"_self\"\n\t\t\t\t\tclass=\"e-paragraph-link-base\"\n\t\t\t\t>\n\t\t\t\t\t\torders@shtepiaemiqve-pogradec.com\n\t\t\t\t<\/a>\n\t\t\t\t\t<\/p>\n\t\t\t\t\t\t\t\t<p class=\"contact_phone e-paragraph-base\" data-interaction-id=\"cef045d\"  >\n\t\t\t\t\t\t\t\t+3556XXXXXXXX\n\t\t\t\t\t<\/p>\n\t\t\t\t<\/div>\n\t\t\t\t<div class=\"elementor-element elementor-element-264f1a0 e-con e-atomic-element e-flexbox-base e-264f1a0-d6121c6\" data-id=\"264f1a0\" data-element_type=\"e-flexbox\" data-e-type=\"e-flexbox\" data-interaction-id=\"264f1a0\">\n\t\t\t\t\t\t\t<h2 \n\t\tdata-interaction-id=\"0e271ff\" \n\t\tclass=\"contact_heading e-heading-base\" \n\t\t \n\t\t\n\t>\n\t\n\t\t\tGeneral inquiries\n\t\t<\/h2>\n\t\t\t\t\t\t\t\t<p class=\"contact_email e-paragraph-base\" data-interaction-id=\"bc7dcb9\"  >\n\t\t\t\t\t\t\t<a\n\t\t\t\t\t\t\t\t\t\thref=\"mailto:info@shtepiaemiqve-pogradec.com\"\n\t\t\t\t\ttarget=\"_self\"\n\t\t\t\t\tclass=\"e-paragraph-link-base\"\n\t\t\t\t>\n\t\t\t\t\t\tinfo@shtepiaemiqve-pogradec.com\n\t\t\t\t<\/a>\n\t\t\t\t\t<\/p>\n\t\t\t\t\t\t\t\t<p class=\"contact_phone e-paragraph-base\" data-interaction-id=\"c7dac8d\"  >\n\t\t\t\t\t\t\t\t+3556XXXXXXXX\n\t\t\t\t\t<\/p>\n\t\t\t\t<\/div>\n\t\t\t\t<\/div>\n\t\t\t\t<\/div>\n\t\t\t\t<\/div>","protected":false},"excerpt":{"rendered":"<p>Na kontakto Em\u00ebr Mbiem\u00ebr Email Mesazhi D\u00ebrgo Great! We\u2019ve received your information. We couldn\u2019t process your submission. Please retry Prenotime bookings@shtepiaemiqve-pogradec.com +3556XXXXXXXX Porosi orders@shtepiaemiqve-pogradec.com +3556XXXXXXXX Gjenerale info@shtepiaemiqve-pogradec.com +3556XXXXXXXX<\/p>","protected":false},"author":1,"featured_media":0,"parent":0,"menu_order":0,"comment_status":"closed","ping_status":"closed","template":"","meta":{"footnotes":""},"class_list":["post-178","page","type-page","status-publish"],"_links":{"self":[{"href":"https:\/\/shtepiaemiqve-pogradec.com\/en\/wp-json\/wp\/v2\/pages\/178","targetHints":{"allow":["GET"]}}],"collection":[{"href":"https:\/\/shtepiaemiqve-pogradec.com\/en\/wp-json\/wp\/v2\/pages"}],"about":[{"href":"https:\/\/shtepiaemiqve-pogradec.com\/en\/wp-json\/wp\/v2\/types\/page"}],"author":[{"embeddable":true,"href":"https:\/\/shtepiaemiqve-pogradec.com\/en\/wp-json\/wp\/v2\/users\/1"}],"replies":[{"embeddable":true,"href":"https:\/\/shtepiaemiqve-pogradec.com\/en\/wp-json\/wp\/v2\/comments?post=178"}],"version-history":[{"count":76,"href":"https:\/\/shtepiaemiqve-pogradec.com\/en\/wp-json\/wp\/v2\/pages\/178\/revisions"}],"predecessor-version":[{"id":2609,"href":"https:\/\/shtepiaemiqve-pogradec.com\/en\/wp-json\/wp\/v2\/pages\/178\/revisions\/2609"}],"wp:attachment":[{"href":"https:\/\/shtepiaemiqve-pogradec.com\/en\/wp-json\/wp\/v2\/media?parent=178"}],"curies":[{"name":"wp","href":"https:\/\/api.w.org\/{rel}","templated":true}]}}